{"id":622,"date":"2025-09-11T02:20:51","date_gmt":"2025-09-11T02:20:51","guid":{"rendered":"https:\/\/artwes.com\/?post_type=product&#038;p=622"},"modified":"2025-10-06T17:29:16","modified_gmt":"2025-10-06T17:29:16","slug":"camino-del-fuego","status":"publish","type":"product","link":"https:\/\/wsfreespirit.com\/it\/producto\/camino-del-fuego\/","title":{"rendered":"Camino del fuego"},"content":{"rendered":"<p>El Fuego es el elemento de la transformaci\u00f3n, la pasi\u00f3n y el renacer.<br \/>\nEn Camino del Fuego, Walter E. Sanchez nos invita a abrazar nuestra propia chispa interior, a quemar lo viejo para abrir espacio a lo nuevo, y a encender la energ\u00eda que nos impulsa a vivir con prop\u00f3sito.<\/p>\n<p>Cada cap\u00edtulo es una llama que ilumina, calienta y purifica, ayud\u00e1ndonos a reconocer nuestro poder creativo y nuestra capacidad de cambio.<br \/>\nCon ense\u00f1anzas, ejercicios y reflexiones, este libro nos recuerda que el fuego, bien guiado, no destruye: transforma.<\/p>\n<p>Camino del Fuego es para quienes buscan despertar su fuerza interna, vivir con intensidad y encender un nuevo cap\u00edtulo en sus vidas.<\/p>\n","protected":false},"excerpt":{"rendered":"<p>Enciende tu poder. <b>&#8220;Camino del Fuego&#8221;<\/b> es una gu\u00eda para abrazar la pasi\u00f3n y la transformaci\u00f3n. Este libro te invita a quemar lo viejo para abrirle espacio a lo nuevo y a vivir con prop\u00f3sito. Es ideal para quienes buscan despertar su fuerza interna y comenzar un nuevo cap\u00edtulo.<\/p>\n","protected":false},"featured_media":685,"comment_status":"open","ping_status":"closed","template":"","meta":{"_et_pb_use_builder":"","_et_pb_old_content":"","_et_gb_content_width":""},"product_brand":[],"product_cat":[36],"product_tag":[],"class_list":{"0":"post-622","1":"product","2":"type-product","3":"status-publish","4":"has-post-thumbnail","6":"product_cat-sin-categorizar","8":"first","9":"instock","10":"downloadable","11":"virtual","12":"sold-individually","13":"taxable","14":"purchasable","15":"product-type-simple"},"yoast_head":"<!-- This site is optimized with the Yoast SEO plugin v27.6 - https:\/\/yoast.com\/product\/yoast-seo-wordpress\/ -->\n<title>Camino del fuego - Artwes<\/title>\n<meta name=\"robots\" content=\"index, follow, max-snippet:-1, max-image-preview:large, max-video-preview:-1\" \/>\n<link rel=\"canonical\" href=\"https:\/\/wsfreespirit.com\/producto\/camino-del-fuego\/\" \/>\n<meta property=\"og:locale\" content=\"it_IT\" \/>\n<meta property=\"og:type\" content=\"article\" \/>\n<meta property=\"og:title\" content=\"Camino del fuego - Artwes\" \/>\n<meta property=\"og:description\" content=\"Enciende tu poder. &quot;Camino del Fuego&quot; es una gu\u00eda para abrazar la pasi\u00f3n y la transformaci\u00f3n. Este libro te invita a quemar lo viejo para abrirle espacio a lo nuevo y a vivir con prop\u00f3sito. Es ideal para quienes buscan despertar su fuerza interna y comenzar un nuevo cap\u00edtulo.\" \/>\n<meta property=\"og:url\" content=\"https:\/\/wsfreespirit.com\/producto\/camino-del-fuego\/\" \/>\n<meta property=\"og:site_name\" content=\"Artwes\" \/>\n<meta property=\"article:modified_time\" content=\"2025-10-06T17:29:16+00:00\" \/>\n<meta property=\"og:image\" content=\"https:\/\/wsfreespirit.com\/wp-content\/uploads\/2025\/09\/FREE-SPIRIT-CAMINO-DEL-FUEGO.jpg\" \/>\n\t<meta property=\"og:image:width\" content=\"1600\" \/>\n\t<meta property=\"og:image:height\" content=\"2273\" \/>\n\t<meta property=\"og:image:type\" content=\"image\/jpeg\" \/>\n<meta name=\"twitter:card\" content=\"summary_large_image\" \/>\n<meta name=\"twitter:label1\" content=\"Tempo di lettura stimato\" \/>\n\t<meta name=\"twitter:data1\" content=\"1 minuto\" \/>\n<script type=\"application\/ld+json\" class=\"yoast-schema-graph\">{\"@context\":\"https:\\\/\\\/schema.org\",\"@graph\":[{\"@type\":\"WebPage\",\"@id\":\"https:\\\/\\\/wsfreespirit.com\\\/producto\\\/camino-del-fuego\\\/\",\"url\":\"https:\\\/\\\/wsfreespirit.com\\\/producto\\\/camino-del-fuego\\\/\",\"name\":\"Camino del fuego - Artwes\",\"isPartOf\":{\"@id\":\"https:\\\/\\\/wsfreespirit.com\\\/#website\"},\"primaryImageOfPage\":{\"@id\":\"https:\\\/\\\/wsfreespirit.com\\\/producto\\\/camino-del-fuego\\\/#primaryimage\"},\"image\":{\"@id\":\"https:\\\/\\\/wsfreespirit.com\\\/producto\\\/camino-del-fuego\\\/#primaryimage\"},\"thumbnailUrl\":\"https:\\\/\\\/wsfreespirit.com\\\/wp-content\\\/uploads\\\/2025\\\/09\\\/FREE-SPIRIT-CAMINO-DEL-FUEGO.jpg\",\"datePublished\":\"2025-09-11T02:20:51+00:00\",\"dateModified\":\"2025-10-06T17:29:16+00:00\",\"breadcrumb\":{\"@id\":\"https:\\\/\\\/wsfreespirit.com\\\/producto\\\/camino-del-fuego\\\/#breadcrumb\"},\"inLanguage\":\"it-IT\",\"potentialAction\":[{\"@type\":\"ReadAction\",\"target\":[\"https:\\\/\\\/wsfreespirit.com\\\/producto\\\/camino-del-fuego\\\/\"]}]},{\"@type\":\"ImageObject\",\"inLanguage\":\"it-IT\",\"@id\":\"https:\\\/\\\/wsfreespirit.com\\\/producto\\\/camino-del-fuego\\\/#primaryimage\",\"url\":\"https:\\\/\\\/wsfreespirit.com\\\/wp-content\\\/uploads\\\/2025\\\/09\\\/FREE-SPIRIT-CAMINO-DEL-FUEGO.jpg\",\"contentUrl\":\"https:\\\/\\\/wsfreespirit.com\\\/wp-content\\\/uploads\\\/2025\\\/09\\\/FREE-SPIRIT-CAMINO-DEL-FUEGO.jpg\",\"width\":1600,\"height\":2273},{\"@type\":\"BreadcrumbList\",\"@id\":\"https:\\\/\\\/wsfreespirit.com\\\/producto\\\/camino-del-fuego\\\/#breadcrumb\",\"itemListElement\":[{\"@type\":\"ListItem\",\"position\":1,\"name\":\"Home\",\"item\":\"https:\\\/\\\/wsfreespirit.com\\\/it\\\/about-me\\\/\"},{\"@type\":\"ListItem\",\"position\":2,\"name\":\"Tienda\",\"item\":\"https:\\\/\\\/wsfreespirit.com\\\/tienda\\\/\"},{\"@type\":\"ListItem\",\"position\":3,\"name\":\"Camino del fuego\"}]},{\"@type\":\"WebSite\",\"@id\":\"https:\\\/\\\/wsfreespirit.com\\\/#website\",\"url\":\"https:\\\/\\\/wsfreespirit.com\\\/\",\"name\":\"Artwes\",\"description\":\"Artist Page By Walter E. Sanchez\",\"potentialAction\":[{\"@type\":\"SearchAction\",\"target\":{\"@type\":\"EntryPoint\",\"urlTemplate\":\"https:\\\/\\\/wsfreespirit.com\\\/?s={search_term_string}\"},\"query-input\":{\"@type\":\"PropertyValueSpecification\",\"valueRequired\":true,\"valueName\":\"search_term_string\"}}],\"inLanguage\":\"it-IT\"}]}<\/script>\n<!-- \/ Yoast SEO plugin. -->","yoast_head_json":{"title":"Camino del fuego - Artwes","robots":{"index":"index","follow":"follow","max-snippet":"max-snippet:-1","max-image-preview":"max-image-preview:large","max-video-preview":"max-video-preview:-1"},"canonical":"https:\/\/wsfreespirit.com\/producto\/camino-del-fuego\/","og_locale":"it_IT","og_type":"article","og_title":"Camino del fuego - Artwes","og_description":"Enciende tu poder. \"Camino del Fuego\" es una gu\u00eda para abrazar la pasi\u00f3n y la transformaci\u00f3n. Este libro te invita a quemar lo viejo para abrirle espacio a lo nuevo y a vivir con prop\u00f3sito. Es ideal para quienes buscan despertar su fuerza interna y comenzar un nuevo cap\u00edtulo.","og_url":"https:\/\/wsfreespirit.com\/producto\/camino-del-fuego\/","og_site_name":"Artwes","article_modified_time":"2025-10-06T17:29:16+00:00","og_image":[{"width":1600,"height":2273,"url":"https:\/\/wsfreespirit.com\/wp-content\/uploads\/2025\/09\/FREE-SPIRIT-CAMINO-DEL-FUEGO.jpg","type":"image\/jpeg"}],"twitter_card":"summary_large_image","twitter_misc":{"Tempo di lettura stimato":"1 minuto"},"schema":{"@context":"https:\/\/schema.org","@graph":[{"@type":"WebPage","@id":"https:\/\/wsfreespirit.com\/producto\/camino-del-fuego\/","url":"https:\/\/wsfreespirit.com\/producto\/camino-del-fuego\/","name":"Camino del fuego - Artwes","isPartOf":{"@id":"https:\/\/wsfreespirit.com\/#website"},"primaryImageOfPage":{"@id":"https:\/\/wsfreespirit.com\/producto\/camino-del-fuego\/#primaryimage"},"image":{"@id":"https:\/\/wsfreespirit.com\/producto\/camino-del-fuego\/#primaryimage"},"thumbnailUrl":"https:\/\/wsfreespirit.com\/wp-content\/uploads\/2025\/09\/FREE-SPIRIT-CAMINO-DEL-FUEGO.jpg","datePublished":"2025-09-11T02:20:51+00:00","dateModified":"2025-10-06T17:29:16+00:00","breadcrumb":{"@id":"https:\/\/wsfreespirit.com\/producto\/camino-del-fuego\/#breadcrumb"},"inLanguage":"it-IT","potentialAction":[{"@type":"ReadAction","target":["https:\/\/wsfreespirit.com\/producto\/camino-del-fuego\/"]}]},{"@type":"ImageObject","inLanguage":"it-IT","@id":"https:\/\/wsfreespirit.com\/producto\/camino-del-fuego\/#primaryimage","url":"https:\/\/wsfreespirit.com\/wp-content\/uploads\/2025\/09\/FREE-SPIRIT-CAMINO-DEL-FUEGO.jpg","contentUrl":"https:\/\/wsfreespirit.com\/wp-content\/uploads\/2025\/09\/FREE-SPIRIT-CAMINO-DEL-FUEGO.jpg","width":1600,"height":2273},{"@type":"BreadcrumbList","@id":"https:\/\/wsfreespirit.com\/producto\/camino-del-fuego\/#breadcrumb","itemListElement":[{"@type":"ListItem","position":1,"name":"Home","item":"https:\/\/wsfreespirit.com\/it\/about-me\/"},{"@type":"ListItem","position":2,"name":"Tienda","item":"https:\/\/wsfreespirit.com\/tienda\/"},{"@type":"ListItem","position":3,"name":"Camino del fuego"}]},{"@type":"WebSite","@id":"https:\/\/wsfreespirit.com\/#website","url":"https:\/\/wsfreespirit.com\/","name":"Artwes","description":"Artist Page By Walter E. Sanchez","potentialAction":[{"@type":"SearchAction","target":{"@type":"EntryPoint","urlTemplate":"https:\/\/wsfreespirit.com\/?s={search_term_string}"},"query-input":{"@type":"PropertyValueSpecification","valueRequired":true,"valueName":"search_term_string"}}],"inLanguage":"it-IT"}]}},"jetpack_sharing_enabled":true,"_links":{"self":[{"href":"https:\/\/wsfreespirit.com\/it\/wp-json\/wp\/v2\/product\/622","targetHints":{"allow":["GET"]}}],"collection":[{"href":"https:\/\/wsfreespirit.com\/it\/wp-json\/wp\/v2\/product"}],"about":[{"href":"https:\/\/wsfreespirit.com\/it\/wp-json\/wp\/v2\/types\/product"}],"replies":[{"embeddable":true,"href":"https:\/\/wsfreespirit.com\/it\/wp-json\/wp\/v2\/comments?post=622"}],"wp:featuredmedia":[{"embeddable":true,"href":"https:\/\/wsfreespirit.com\/it\/wp-json\/wp\/v2\/media\/685"}],"wp:attachment":[{"href":"https:\/\/wsfreespirit.com\/it\/wp-json\/wp\/v2\/media?parent=622"}],"wp:term":[{"taxonomy":"product_brand","embeddable":true,"href":"https:\/\/wsfreespirit.com\/it\/wp-json\/wp\/v2\/product_brand?post=622"},{"taxonomy":"product_cat","embeddable":true,"href":"https:\/\/wsfreespirit.com\/it\/wp-json\/wp\/v2\/product_cat?post=622"},{"taxonomy":"product_tag","embeddable":true,"href":"https:\/\/wsfreespirit.com\/it\/wp-json\/wp\/v2\/product_tag?post=622"}],"curies":[{"name":"wp","href":"https:\/\/api.w.org\/{rel}","templated":true}]}}