{"id":1310,"date":"2025-11-05T03:53:25","date_gmt":"2025-11-05T03:53:25","guid":{"rendered":"https:\/\/wsfreespirit.com\/free-spirit-2\/"},"modified":"2026-02-17T18:21:59","modified_gmt":"2026-02-17T18:21:59","slug":"free-spirit-2","status":"publish","type":"page","link":"https:\/\/wsfreespirit.com\/it\/free-spirit-2\/","title":{"rendered":"Free Spirit"},"content":{"rendered":"<p>[et_pb_section fb_built=&#8221;1&#8243; admin_label=&#8221;Header&#8221; _builder_version=&#8221;4.23.2&#8243; _module_preset=&#8221;default&#8221; collapsed=&#8221;on&#8221; global_colors_info=&#8221;{}&#8221; theme_builder_area=&#8221;post_content&#8221;][et_pb_row column_structure=&#8221;2_5,3_5&#8243; _builder_version=&#8221;4.23.2&#8243; _module_preset=&#8221;default&#8221; locked=&#8221;off&#8221; global_colors_info=&#8221;{}&#8221; theme_builder_area=&#8221;post_content&#8221;][et_pb_column type=&#8221;2_5&#8243; _builder_version=&#8221;4.23.2&#8243; _module_preset=&#8221;default&#8221; global_colors_info=&#8221;{}&#8221; theme_builder_area=&#8221;post_content&#8221;][et_pb_image src=&#8221;https:\/\/wsfreespirit.com\/wp-content\/uploads\/2025\/11\/art-therapist-mask-03-1.png&#8221; title_text=&#8221;WATER LIFE&#8221; _builder_version=&#8221;4.27.4&#8243; _module_preset=&#8221;default&#8221; background_image=&#8221;https:\/\/wsfreespirit.com\/wp-content\/uploads\/2023\/11\/WATERLIFE-24&#215;36-Inch-Canvas.jpg&#8221; scroll_rotating_enable=&#8221;on&#8221; scroll_rotating=&#8221;0|50|50|100|10\u00b0|0|-10\u00b0&#8221; hover_enabled=&#8221;0&#8243; global_colors_info=&#8221;{}&#8221; theme_builder_area=&#8221;post_content&#8221; sticky_enabled=&#8221;0&#8243;][\/et_pb_image][et_pb_image src=&#8221;https:\/\/wsfreespirit.com\/wp-content\/uploads\/2025\/11\/art-therapist-illustration-20-1.png&#8221; title_text=&#8221;art-therapist-illustration-20-1&#8243; _builder_version=&#8221;4.24.2&#8243; _module_preset=&#8221;default&#8221; positioning=&#8221;absolute&#8221; position_origin_a=&#8221;bottom_right&#8221; width=&#8221;70%&#8221; mix_blend_mode=&#8221;multiply&#8221; scroll_rotating_enable=&#8221;on&#8221; scroll_rotating=&#8221;0|50|50|100|-10\u00b0|0|10\u00b0&#8221; global_colors_info=&#8221;{}&#8221; theme_builder_area=&#8221;post_content&#8221;][\/et_pb_image][\/et_pb_column][et_pb_column type=&#8221;3_5&#8243; _builder_version=&#8221;4.23.2&#8243; _module_preset=&#8221;default&#8221; global_colors_info=&#8221;{}&#8221; theme_builder_area=&#8221;post_content&#8221;][et_pb_text _builder_version=&#8221;4.27.4&#8243; _module_preset=&#8221;_initial&#8221; header_font=&#8221;&#8211;et_global_heading_font|500|||||||&#8221; header_text_color=&#8221;gcid-d15821fb-ca65-4f29-bfd5-ea044f046af4&#8243; header_font_size=&#8221;80px&#8221; header_line_height=&#8221;1.2em&#8221; custom_margin=&#8221;||10px||false|false&#8221; hover_enabled=&#8221;0&#8243; header_font_size_tablet=&#8221;40px&#8221; header_font_size_phone=&#8221;24px&#8221; header_font_size_last_edited=&#8221;on|desktop&#8221; global_colors_info=&#8221;{%22gcid-d15821fb-ca65-4f29-bfd5-ea044f046af4%22:%91%22header_text_color%22%93}&#8221; theme_builder_area=&#8221;post_content&#8221; sticky_enabled=&#8221;0&#8243;]<\/p>\n<h1>Free Spirit<\/h1>\n<h3><b><i>L&#8217;arte come via verso la libert\u00e0 interiore<\/i><\/b><\/h3>\n<p>[\/et_pb_text][et_pb_text _builder_version=&#8221;4.27.4&#8243; _module_preset=&#8221;_initial&#8221; text_font=&#8221;Barlow||||||||&#8221; text_text_color=&#8221;gcid-d15821fb-ca65-4f29-bfd5-ea044f046af4&#8243; text_font_size=&#8221;16px&#8221; text_line_height=&#8221;1.8em&#8221; hover_enabled=&#8221;0&#8243; text_font_size_tablet=&#8221;15px&#8221; text_font_size_phone=&#8221;14px&#8221; text_font_size_last_edited=&#8221;on|desktop&#8221; global_colors_info=&#8221;{%22gcid-d15821fb-ca65-4f29-bfd5-ea044f046af4%22:%91%22text_text_color%22%93}&#8221; theme_builder_area=&#8221;post_content&#8221; sticky_enabled=&#8221;0&#8243;]Free Spirit \u00e8 un&#8217;espressione vivente della ricerca di libert\u00e0, consapevolezza e bellezza interiore. Fondato da Walter E. S\u00e1nchez, artista, guida olistica e narratore spirituale, il progetto nasce come ponte tra arte, guarigione e saggezza ancestrale. Il suo scopo \u00e8 ricordarci che tutti portiamo dentro di noi una scintilla creativa capace di trasformare le nostre vite e il mondo in cui viviamo.<br \/>\nIspirato dai suoi viaggi attraverso il Sud America, l&#8217;Amazzonia, le Ande e l&#8217;India, Walter integra in Free Spirit gli insegnamenti ricevuti dalle comunit\u00e0 indigene, le cerimonie del fuoco e dell&#8217;acqua e le pratiche spirituali che onorano gli elementi della natura. Ogni creazione, che si tratti di un libro, un dipinto, una cerimonia o un&#8217;esperienza audiovisiva, diventa uno strumento per riconnettersi con l&#8217;essenza dell&#8217;Essere.[\/et_pb_text][\/et_pb_column][\/et_pb_row][\/et_pb_section][et_pb_section fb_built=&#8221;1&#8243; admin_label=&#8221;Features&#8221; _builder_version=&#8221;4.24.2&#8243; _module_preset=&#8221;default&#8221; background_color=&#8221;gcid-ae2718f9-596d-4e4c-a089-a3606cb7bdc2&#8243; background_enable_image=&#8221;off&#8221; background_size=&#8221;initial&#8221; collapsed=&#8221;on&#8221; global_colors_info=&#8221;{%22gcid-ae2718f9-596d-4e4c-a089-a3606cb7bdc2%22:%91%22background_color%22%93}&#8221; theme_builder_area=&#8221;post_content&#8221;][et_pb_row column_structure=&#8221;1_2,1_2&#8243; _builder_version=&#8221;4.23.2&#8243; _module_preset=&#8221;default&#8221; locked=&#8221;off&#8221; global_colors_info=&#8221;{}&#8221; theme_builder_area=&#8221;post_content&#8221;][et_pb_column type=&#8221;1_2&#8243; _builder_version=&#8221;4.23.2&#8243; _module_preset=&#8221;default&#8221; global_colors_info=&#8221;{}&#8221; theme_builder_area=&#8221;post_content&#8221;][et_pb_text _builder_version=&#8221;4.27.4&#8243; _module_preset=&#8221;_initial&#8221; header_2_font=&#8221;&#8211;et_global_heading_font|500|||||||&#8221; header_2_text_color=&#8221;gcid-d15821fb-ca65-4f29-bfd5-ea044f046af4&#8243; header_2_font_size=&#8221;56px&#8221; header_2_line_height=&#8221;1.2em&#8221; custom_margin=&#8221;||10px||false|false&#8221; hover_enabled=&#8221;0&#8243; header_2_font_size_tablet=&#8221;32px&#8221; header_2_font_size_phone=&#8221;20px&#8221; header_2_font_size_last_edited=&#8221;on|desktop&#8221; global_colors_info=&#8221;{%22gcid-d15821fb-ca65-4f29-bfd5-ea044f046af4%22:%91%22header_2_text_color%22%93}&#8221; theme_builder_area=&#8221;post_content&#8221; sticky_enabled=&#8221;0&#8243;]<\/p>\n<h2>Filosofia<br \/>\n<\/h2>\n<p>[\/et_pb_text][et_pb_text _builder_version=&#8221;4.27.4&#8243; _module_preset=&#8221;_initial&#8221; text_font=&#8221;Barlow||||||||&#8221; text_text_color=&#8221;gcid-d15821fb-ca65-4f29-bfd5-ea044f046af4&#8243; text_font_size=&#8221;16px&#8221; text_line_height=&#8221;1.8em&#8221; hover_enabled=&#8221;0&#8243; text_font_size_tablet=&#8221;15px&#8221; text_font_size_phone=&#8221;14px&#8221; text_font_size_last_edited=&#8221;on|desktop&#8221; global_colors_info=&#8221;{%22gcid-d15821fb-ca65-4f29-bfd5-ea044f046af4%22:%91%22text_text_color%22%93}&#8221; theme_builder_area=&#8221;post_content&#8221; sticky_enabled=&#8221;0&#8243;]Free Spirit crede che l&#8217;arte non sia solo una forma di espressione, ma un percorso per espandere la coscienza. In questo spazio, colore, suono e silenzio si intrecciano come linguaggi universali di guarigione. La loro visione combina l&#8217;arte contemporanea con la saggezza ancestrale, il viaggio verso l&#8217;esterno con l&#8217;esplorazione interiore e l&#8217;apprendimento individuale con la connessione collettiva.[\/et_pb_text][\/et_pb_column][et_pb_column type=&#8221;1_2&#8243; _builder_version=&#8221;4.23.2&#8243; _module_preset=&#8221;default&#8221; global_colors_info=&#8221;{}&#8221; theme_builder_area=&#8221;post_content&#8221;][et_pb_text _builder_version=&#8221;4.27.4&#8243; _module_preset=&#8221;_initial&#8221; header_2_font=&#8221;&#8211;et_global_heading_font|500|||||||&#8221; header_2_text_color=&#8221;gcid-d15821fb-ca65-4f29-bfd5-ea044f046af4&#8243; header_2_font_size=&#8221;56px&#8221; header_2_line_height=&#8221;1.2em&#8221; custom_margin=&#8221;||1px||false|false&#8221; hover_enabled=&#8221;0&#8243; header_2_font_size_tablet=&#8221;32px&#8221; header_2_font_size_phone=&#8221;20px&#8221; header_2_font_size_last_edited=&#8221;on|desktop&#8221; global_colors_info=&#8221;{%22gcid-d15821fb-ca65-4f29-bfd5-ea044f046af4%22:%91%22header_2_text_color%22%93}&#8221; theme_builder_area=&#8221;post_content&#8221; sticky_enabled=&#8221;0&#8243;]<\/p>\n<h2>Progetti<\/h2>\n<p>[\/et_pb_text][et_pb_text _builder_version=&#8221;4.27.4&#8243; _module_preset=&#8221;_initial&#8221; header_4_font=&#8221;&#8211;et_global_heading_font||||||||&#8221; header_4_text_color=&#8221;gcid-d15821fb-ca65-4f29-bfd5-ea044f046af4&#8243; header_4_font_size=&#8221;14px&#8221; header_4_letter_spacing=&#8221;1px&#8221; header_4_line_height=&#8221;1.4em&#8221; custom_margin=&#8221;||10px||false|false&#8221; hover_enabled=&#8221;0&#8243; global_colors_info=&#8221;{%22gcid-d15821fb-ca65-4f29-bfd5-ea044f046af4%22:%91%22header_4_text_color%22%93}&#8221; theme_builder_area=&#8221;post_content&#8221; sticky_enabled=&#8221;0&#8243;]<\/p>\n<h4>Nell&#8217;universo di Free Spirit fioriscono molteplici percorsi.<\/h4>\n<p>[\/et_pb_text][et_pb_blurb title=&#8221;I 5 Libri Elementali (Sentiero della Terra, dell&#039;Acqua, del Fuoco, dell&#039;Aria e dell&#039;Etere)&#8221; image_icon_width=&#8221;64px&#8221; icon_alignment=&#8221;left&#8221; content_max_width=&#8221;100%&#8221; _builder_version=&#8221;4.27.4&#8243; _module_preset=&#8221;_initial&#8221; header_font=&#8221;Playfair Display|600|||||||&#8221; header_text_color=&#8221;gcid-d15821fb-ca65-4f29-bfd5-ea044f046af4&#8243; header_font_size=&#8221;20px&#8221; header_line_height=&#8221;1.4em&#8221; body_font=&#8221;Barlow||||||||&#8221; body_text_color=&#8221;#013334&#8243; body_line_height=&#8221;1.8em&#8221; custom_margin=&#8221;||0px||false|false&#8221; custom_padding=&#8221;11px|20px|11px|20px|true|true&#8221; animation=&#8221;off&#8221; link_option_url=&#8221;#&#8221; header_font_size_tablet=&#8221;16px&#8221; header_font_size_phone=&#8221;14px&#8221; header_font_size_last_edited=&#8221;on|desktop&#8221; locked=&#8221;off&#8221; background_color__hover=&#8221;#FFFFFF&#8221; custom_padding__hover=&#8221;|10px||30px|false|false&#8221; custom_padding__hover_enabled=&#8221;on|hover&#8221; background_enable_color__hover=&#8221;on&#8221; theme_builder_area=&#8221;post_content&#8221; sticky_enabled=&#8221;0&#8243; global_colors_info=&#8221;{%22gcid-d15821fb-ca65-4f29-bfd5-ea044f046af4%22:%91%22header_text_color%22,%22header_text_color%22%93}&#8221; background__hover_enabled=&#8221;on|hover&#8221;]<\/p>\n<p>Una serie de obras po\u00e9tico-espirituales que revelan las ense\u00f1anzas de los elementos y su reflejo en la transformaci\u00f3n humana.<\/p>\n<p>[\/et_pb_blurb][et_pb_blurb title=&#8221;Share2Art.com&#8221; image_icon_width=&#8221;64px&#8221; icon_alignment=&#8221;left&#8221; content_max_width=&#8221;100%&#8221; _builder_version=&#8221;4.27.4&#8243; _module_preset=&#8221;_initial&#8221; header_font=&#8221;Playfair Display|600|||||||&#8221; header_text_color=&#8221;gcid-d15821fb-ca65-4f29-bfd5-ea044f046af4&#8243; header_font_size=&#8221;20px&#8221; header_line_height=&#8221;1.4em&#8221; body_font=&#8221;Barlow||||||||&#8221; body_text_color=&#8221;#013334&#8243; body_line_height=&#8221;1.8em&#8221; custom_margin=&#8221;||0px||false|false&#8221; custom_padding=&#8221;11px|20px|11px|20px|true|true&#8221; animation=&#8221;off&#8221; link_option_url=&#8221;#&#8221; hover_enabled=&#8221;0&#8243; header_font_size_tablet=&#8221;16px&#8221; header_font_size_phone=&#8221;14px&#8221; header_font_size_last_edited=&#8221;on|desktop&#8221; locked=&#8221;off&#8221; global_colors_info=&#8221;{%22gcid-d15821fb-ca65-4f29-bfd5-ea044f046af4%22:%91%22header_text_color%22%93}&#8221; background_color__hover=&#8221;#FFFFFF&#8221; background__hover_enabled=&#8221;on|hover&#8221; custom_padding__hover=&#8221;|10px||30px|false|false&#8221; custom_padding__hover_enabled=&#8221;on|hover&#8221; background_enable_color__hover=&#8221;on&#8221; theme_builder_area=&#8221;post_content&#8221; sticky_enabled=&#8221;0&#8243;]Una comunit\u00e0 che condivide arte, conoscenza e spiritualit\u00e0 come veicoli di crescita e cooperazione.[\/et_pb_blurb][et_pb_blurb title=&#8221;Galleria BeUnico&#8221; image_icon_width=&#8221;64px&#8221; icon_alignment=&#8221;left&#8221; content_max_width=&#8221;100%&#8221; _builder_version=&#8221;4.27.4&#8243; _module_preset=&#8221;_initial&#8221; header_font=&#8221;Playfair Display|600|||||||&#8221; header_text_color=&#8221;gcid-d15821fb-ca65-4f29-bfd5-ea044f046af4&#8243; header_font_size=&#8221;20px&#8221; header_line_height=&#8221;1.4em&#8221; body_font=&#8221;Barlow||||||||&#8221; body_text_color=&#8221;#013334&#8243; body_line_height=&#8221;1.8em&#8221; custom_margin=&#8221;||0px||false|false&#8221; custom_padding=&#8221;11px|20px|11px|20px|true|true&#8221; animation=&#8221;off&#8221; link_option_url=&#8221;#&#8221; header_font_size_tablet=&#8221;16px&#8221; header_font_size_phone=&#8221;14px&#8221; header_font_size_last_edited=&#8221;on|desktop&#8221; locked=&#8221;off&#8221; background_color__hover=&#8221;#FFFFFF&#8221; custom_padding__hover=&#8221;|10px||30px|false|false&#8221; custom_padding__hover_enabled=&#8221;on|hover&#8221; background_enable_color__hover=&#8221;on&#8221; theme_builder_area=&#8221;post_content&#8221; sticky_enabled=&#8221;0&#8243; global_colors_info=&#8221;{%22gcid-d15821fb-ca65-4f29-bfd5-ea044f046af4%22:%91%22header_text_color%22,%22header_text_color%22%93}&#8221; background__hover_enabled=&#8221;on|hover&#8221;]Lo spazio in cui convergono opere visive ed esperienze sensoriali, tra cui serie tattili come To Be Touched, che invitano a sentire l&#8217;arte con le mani e con il cuore.[\/et_pb_blurb][et_pb_blurb title=&#8221;Il mio percorso verso la rinascita&#8221; image_icon_width=&#8221;64px&#8221; icon_alignment=&#8221;left&#8221; content_max_width=&#8221;100%&#8221; _builder_version=&#8221;4.27.4&#8243; _module_preset=&#8221;_initial&#8221; header_font=&#8221;Playfair Display|600|||||||&#8221; header_text_color=&#8221;gcid-d15821fb-ca65-4f29-bfd5-ea044f046af4&#8243; header_font_size=&#8221;20px&#8221; header_line_height=&#8221;1.4em&#8221; body_font=&#8221;Barlow||||||||&#8221; body_text_color=&#8221;#013334&#8243; body_line_height=&#8221;1.8em&#8221; custom_margin=&#8221;||0px||false|false&#8221; custom_padding=&#8221;11px|20px|11px|20px|true|true&#8221; animation=&#8221;off&#8221; link_option_url=&#8221;#&#8221; header_font_size_tablet=&#8221;16px&#8221; header_font_size_phone=&#8221;14px&#8221; header_font_size_last_edited=&#8221;on|desktop&#8221; locked=&#8221;off&#8221; background_color__hover=&#8221;#FFFFFF&#8221; custom_padding__hover=&#8221;|10px||30px|false|false&#8221; custom_padding__hover_enabled=&#8221;on|hover&#8221; background_enable_color__hover=&#8221;on&#8221; theme_builder_area=&#8221;post_content&#8221; sticky_enabled=&#8221;0&#8243; global_colors_info=&#8221;{%22gcid-d15821fb-ca65-4f29-bfd5-ea044f046af4%22:%91%22header_text_color%22,%22header_text_color%22%93}&#8221; background__hover_enabled=&#8221;on|hover&#8221; hover_enabled=&#8221;0&#8243;]Una traves\u00eda audiovisual y espiritual que recorre la ruta del Qhapaq \u00d1an, documentando ceremonias, paisajes y encuentros con guardianes de la sabidur\u00eda ancestral.[\/et_pb_blurb][\/et_pb_column][\/et_pb_row][\/et_pb_section][et_pb_section fb_built=&#8221;1&#8243; admin_label=&#8221;FAQ&#8221; _builder_version=&#8221;4.23.2&#8243; _module_preset=&#8221;default&#8221; collapsed=&#8221;on&#8221; global_colors_info=&#8221;{}&#8221; theme_builder_area=&#8221;post_content&#8221;][et_pb_row _builder_version=&#8221;4.23.2&#8243; _module_preset=&#8221;default&#8221; global_colors_info=&#8221;{}&#8221; theme_builder_area=&#8221;post_content&#8221;][et_pb_column type=&#8221;4_4&#8243; _builder_version=&#8221;4.23.2&#8243; _module_preset=&#8221;default&#8221; global_colors_info=&#8221;{}&#8221; theme_builder_area=&#8221;post_content&#8221;][et_pb_accordion open_toggle_background_color=&#8221;gcid-ae2718f9-596d-4e4c-a089-a3606cb7bdc2&#8243; closed_toggle_background_color=&#8221;RGBA(255,255,255,0)&#8221; toggle_icon=&#8221;&#x47;||divi||400&#8243; icon_color=&#8221;#000000&#8243; _builder_version=&#8221;4.27.4&#8243; _module_preset=&#8221;default&#8221; toggle_text_color=&#8221;gcid-d15821fb-ca65-4f29-bfd5-ea044f046af4&#8243; toggle_font=&#8221;Barlow|600|||||||&#8221; toggle_font_size=&#8221;20px&#8221; toggle_line_height=&#8221;1.4em&#8221; body_font=&#8221;Barlow||||||||&#8221; body_text_color=&#8221;gcid-d15821fb-ca65-4f29-bfd5-ea044f046af4&#8243; body_font_size=&#8221;16px&#8221; body_line_height=&#8221;1.8em&#8221; hover_enabled=&#8221;0&#8243; toggle_font_size_tablet=&#8221;16px&#8221; toggle_font_size_phone=&#8221;14px&#8221; toggle_font_size_last_edited=&#8221;on|desktop&#8221; body_font_size_tablet=&#8221;15px&#8221; body_font_size_phone=&#8221;14px&#8221; body_font_size_last_edited=&#8221;on|desktop&#8221; border_width_all=&#8221;0px&#8221; locked=&#8221;off&#8221; global_colors_info=&#8221;{%22gcid-d15821fb-ca65-4f29-bfd5-ea044f046af4%22:%91%22icon_color%22,%22toggle_text_color%22,%22body_text_color%22%93,%22gcid-ae2718f9-596d-4e4c-a089-a3606cb7bdc2%22:%91%22open_toggle_background_color%22%93}&#8221; theme_builder_area=&#8221;post_content&#8221; sticky_enabled=&#8221;0&#8243;][et_pb_accordion_item title=&#8221;Missione&#8221; open=&#8221;on&#8221; _builder_version=&#8221;4.27.4&#8243; _module_preset=&#8221;default&#8221; hover_enabled=&#8221;0&#8243; global_colors_info=&#8221;{}&#8221; theme_builder_area=&#8221;post_content&#8221; sticky_enabled=&#8221;0&#8243;]Free Spirit si propone di ispirare le persone a vivere in modo autentico, a guarire attraverso l&#8217;arte e a riconnettersi con la natura come fonte di equilibrio. Ogni progetto \u00e8 un invito a ricordare chi siamo al di l\u00e0 di ruoli, strutture o confini: esseri liberi, creativi e spirituali.[\/et_pb_accordion_item][et_pb_accordion_item title=&#8221;Visione&#8221; _builder_version=&#8221;4.27.4&#8243; _module_preset=&#8221;default&#8221; hover_enabled=&#8221;0&#8243; global_colors_info=&#8221;{}&#8221; theme_builder_area=&#8221;post_content&#8221; open=&#8221;off&#8221; sticky_enabled=&#8221;0&#8243;]Creare una rete globale di spiriti liberi che integrino arte, coscienza e azione, espandendo una cultura di armonia, rispetto e unit\u00e0 con la Terra.[\/et_pb_accordion_item][\/et_pb_accordion][\/et_pb_column][\/et_pb_row][\/et_pb_section]<\/p>\n","protected":false},"excerpt":{"rendered":"<p>Free Spirit L&#8217;arte come via verso la libert\u00e0 interioreFree Spirit \u00e8 un&#8217;espressione vivente della ricerca di libert\u00e0, consapevolezza e bellezza interiore. Fondato da Walter E. S\u00e1nchez, artista, guida olistica e narratore spirituale, il progetto nasce come ponte tra arte, guarigione e saggezza ancestrale. Il suo scopo \u00e8 ricordarci che tutti portiamo dentro di noi una [&hellip;]<\/p>\n","protected":false},"author":2,"featured_media":0,"parent":0,"menu_order":0,"comment_status":"closed","ping_status":"closed","template":"","meta":{"_et_pb_use_builder":"on","_et_pb_old_content":"","_et_gb_content_width":"","footnotes":""},"class_list":["post-1310","page","type-page","status-publish","hentry"],"yoast_head":"<!-- This site is optimized with the Yoast SEO plugin v27.6 - https:\/\/yoast.com\/product\/yoast-seo-wordpress\/ -->\n<title>Free Spirit - Artwes<\/title>\n<meta name=\"robots\" content=\"index, follow, max-snippet:-1, max-image-preview:large, max-video-preview:-1\" \/>\n<link rel=\"canonical\" href=\"https:\/\/wsfreespirit.com\/it\/free-spirit-2\/\" \/>\n<meta property=\"og:locale\" content=\"it_IT\" \/>\n<meta property=\"og:type\" content=\"article\" \/>\n<meta property=\"og:title\" content=\"Free Spirit - Artwes\" \/>\n<meta property=\"og:description\" content=\"Free Spirit L&#039;arte come via verso la libert\u00e0 interioreFree Spirit \u00e8 un&#039;espressione vivente della ricerca di libert\u00e0, consapevolezza e bellezza interiore. Fondato da Walter E. S\u00e1nchez, artista, guida olistica e narratore spirituale, il progetto nasce come ponte tra arte, guarigione e saggezza ancestrale. Il suo scopo \u00e8 ricordarci che tutti portiamo dentro di noi una [&hellip;]\" \/>\n<meta property=\"og:url\" content=\"https:\/\/wsfreespirit.com\/it\/free-spirit-2\/\" \/>\n<meta property=\"og:site_name\" content=\"Artwes\" \/>\n<meta property=\"article:modified_time\" content=\"2026-02-17T18:21:59+00:00\" \/>\n<meta name=\"twitter:card\" content=\"summary_large_image\" \/>\n<script type=\"application\/ld+json\" class=\"yoast-schema-graph\">{\"@context\":\"https:\\\/\\\/schema.org\",\"@graph\":[{\"@type\":\"WebPage\",\"@id\":\"https:\\\/\\\/wsfreespirit.com\\\/it\\\/free-spirit-2\\\/\",\"url\":\"https:\\\/\\\/wsfreespirit.com\\\/it\\\/free-spirit-2\\\/\",\"name\":\"Free Spirit - Artwes\",\"isPartOf\":{\"@id\":\"https:\\\/\\\/wsfreespirit.com\\\/#website\"},\"datePublished\":\"2025-11-05T03:53:25+00:00\",\"dateModified\":\"2026-02-17T18:21:59+00:00\",\"breadcrumb\":{\"@id\":\"https:\\\/\\\/wsfreespirit.com\\\/it\\\/free-spirit-2\\\/#breadcrumb\"},\"inLanguage\":\"it-IT\",\"potentialAction\":[{\"@type\":\"ReadAction\",\"target\":[\"https:\\\/\\\/wsfreespirit.com\\\/it\\\/free-spirit-2\\\/\"]}]},{\"@type\":\"BreadcrumbList\",\"@id\":\"https:\\\/\\\/wsfreespirit.com\\\/it\\\/free-spirit-2\\\/#breadcrumb\",\"itemListElement\":[{\"@type\":\"ListItem\",\"position\":1,\"name\":\"Home\",\"item\":\"https:\\\/\\\/wsfreespirit.com\\\/it\\\/about-me\\\/\"},{\"@type\":\"ListItem\",\"position\":2,\"name\":\"Free Spirit\"}]},{\"@type\":\"WebSite\",\"@id\":\"https:\\\/\\\/wsfreespirit.com\\\/#website\",\"url\":\"https:\\\/\\\/wsfreespirit.com\\\/\",\"name\":\"Artwes\",\"description\":\"Artist Page By Walter E. Sanchez\",\"potentialAction\":[{\"@type\":\"SearchAction\",\"target\":{\"@type\":\"EntryPoint\",\"urlTemplate\":\"https:\\\/\\\/wsfreespirit.com\\\/?s={search_term_string}\"},\"query-input\":{\"@type\":\"PropertyValueSpecification\",\"valueRequired\":true,\"valueName\":\"search_term_string\"}}],\"inLanguage\":\"it-IT\"}]}<\/script>\n<!-- \/ Yoast SEO plugin. -->","yoast_head_json":{"title":"Free Spirit - Artwes","robots":{"index":"index","follow":"follow","max-snippet":"max-snippet:-1","max-image-preview":"max-image-preview:large","max-video-preview":"max-video-preview:-1"},"canonical":"https:\/\/wsfreespirit.com\/it\/free-spirit-2\/","og_locale":"it_IT","og_type":"article","og_title":"Free Spirit - Artwes","og_description":"Free Spirit L'arte come via verso la libert\u00e0 interioreFree Spirit \u00e8 un'espressione vivente della ricerca di libert\u00e0, consapevolezza e bellezza interiore. Fondato da Walter E. S\u00e1nchez, artista, guida olistica e narratore spirituale, il progetto nasce come ponte tra arte, guarigione e saggezza ancestrale. Il suo scopo \u00e8 ricordarci che tutti portiamo dentro di noi una [&hellip;]","og_url":"https:\/\/wsfreespirit.com\/it\/free-spirit-2\/","og_site_name":"Artwes","article_modified_time":"2026-02-17T18:21:59+00:00","twitter_card":"summary_large_image","schema":{"@context":"https:\/\/schema.org","@graph":[{"@type":"WebPage","@id":"https:\/\/wsfreespirit.com\/it\/free-spirit-2\/","url":"https:\/\/wsfreespirit.com\/it\/free-spirit-2\/","name":"Free Spirit - Artwes","isPartOf":{"@id":"https:\/\/wsfreespirit.com\/#website"},"datePublished":"2025-11-05T03:53:25+00:00","dateModified":"2026-02-17T18:21:59+00:00","breadcrumb":{"@id":"https:\/\/wsfreespirit.com\/it\/free-spirit-2\/#breadcrumb"},"inLanguage":"it-IT","potentialAction":[{"@type":"ReadAction","target":["https:\/\/wsfreespirit.com\/it\/free-spirit-2\/"]}]},{"@type":"BreadcrumbList","@id":"https:\/\/wsfreespirit.com\/it\/free-spirit-2\/#breadcrumb","itemListElement":[{"@type":"ListItem","position":1,"name":"Home","item":"https:\/\/wsfreespirit.com\/it\/about-me\/"},{"@type":"ListItem","position":2,"name":"Free Spirit"}]},{"@type":"WebSite","@id":"https:\/\/wsfreespirit.com\/#website","url":"https:\/\/wsfreespirit.com\/","name":"Artwes","description":"Artist Page By Walter E. Sanchez","potentialAction":[{"@type":"SearchAction","target":{"@type":"EntryPoint","urlTemplate":"https:\/\/wsfreespirit.com\/?s={search_term_string}"},"query-input":{"@type":"PropertyValueSpecification","valueRequired":true,"valueName":"search_term_string"}}],"inLanguage":"it-IT"}]}},"jetpack_sharing_enabled":true,"_links":{"self":[{"href":"https:\/\/wsfreespirit.com\/it\/wp-json\/wp\/v2\/pages\/1310","targetHints":{"allow":["GET"]}}],"collection":[{"href":"https:\/\/wsfreespirit.com\/it\/wp-json\/wp\/v2\/pages"}],"about":[{"href":"https:\/\/wsfreespirit.com\/it\/wp-json\/wp\/v2\/types\/page"}],"author":[{"embeddable":true,"href":"https:\/\/wsfreespirit.com\/it\/wp-json\/wp\/v2\/users\/2"}],"replies":[{"embeddable":true,"href":"https:\/\/wsfreespirit.com\/it\/wp-json\/wp\/v2\/comments?post=1310"}],"version-history":[{"count":6,"href":"https:\/\/wsfreespirit.com\/it\/wp-json\/wp\/v2\/pages\/1310\/revisions"}],"predecessor-version":[{"id":1326,"href":"https:\/\/wsfreespirit.com\/it\/wp-json\/wp\/v2\/pages\/1310\/revisions\/1326"}],"wp:attachment":[{"href":"https:\/\/wsfreespirit.com\/it\/wp-json\/wp\/v2\/media?parent=1310"}],"curies":[{"name":"wp","href":"https:\/\/api.w.org\/{rel}","templated":true}]}}