{"id":1357,"date":"2023-11-14T18:30:42","date_gmt":"2023-11-14T18:30:42","guid":{"rendered":"https:\/\/wsfreespirit.com\/contact-me\/"},"modified":"2026-02-17T19:21:06","modified_gmt":"2026-02-17T19:21:06","slug":"contact-me","status":"publish","type":"page","link":"https:\/\/wsfreespirit.com\/de\/contact-me\/","title":{"rendered":"Kontakt"},"content":{"rendered":"<p>[et_pb_section fb_built=&#8220;1&#8243; disabled_on=&#8220;off|off|off&#8220; admin_label=&#8220;Email&#8220; _builder_version=&#8220;4.23.1&#8243; background_image=&#8220;https:\/\/wsfreespirit.com\/wp-content\/uploads\/2023\/11\/art-gallery-55.jpg&#8220; background_size=&#8220;initial&#8220; background_repeat=&#8220;repeat&#8220; custom_margin=&#8220;2rem||2rem||true|false&#8220; custom_padding=&#8220;0px|||||&#8220; locked=&#8220;off&#8220; global_colors_info=&#8220;{}&#8220;][et_pb_row column_structure=&#8220;1_2,1_2&#8243; _builder_version=&#8220;4.16&#8243; global_colors_info=&#8220;{}&#8220;][et_pb_column type=&#8220;1_2&#8243; _builder_version=&#8220;4.16&#8243; custom_padding=&#8220;|||&#8220; global_colors_info=&#8220;{}&#8220; custom_padding__hover=&#8220;|||&#8220;][et_pb_text _builder_version=&#8220;4.16&#8243; text_font=&#8220;||||||||&#8220; header_3_font=&#8220;Prata||||||||&#8220; header_3_text_align=&#8220;left&#8220; header_3_font_size=&#8220;40px&#8220; header_3_line_height=&#8220;1.3em&#8220; transform_translate_linked=&#8220;off&#8220; max_width=&#8220;100%&#8220; max_width_tablet=&#8220;70%&#8220; max_width_last_edited=&#8220;off|phone&#8220; header_3_font_size_tablet=&#8220;40px&#8220; header_3_font_size_phone=&#8220;35px&#8220; header_3_font_size_last_edited=&#8220;on|phone&#8220; global_colors_info=&#8220;{}&#8220;]<\/p>\n<h3>Kontakt<\/h3>\n<p>[\/et_pb_text][et_pb_text disabled_on=&#8220;off|off|off&#8220; _builder_version=&#8220;4.27.4&#8243; text_font=&#8220;||||||||&#8220; header_font=&#8220;|700|||||||&#8220; header_font_size=&#8220;20px&#8220; header_line_height=&#8220;1.3em&#8220; header_4_font=&#8220;|700|||||||&#8220; header_4_font_size=&#8220;20px&#8220; header_4_line_height=&#8220;1.3em&#8220; max_width=&#8220;521px&#8220; module_alignment=&#8220;left&#8220; custom_margin=&#8220;||54px|||&#8220; header_font_size_tablet=&#8220;&#8220; header_font_size_phone=&#8220;&#8220; header_font_size_last_edited=&#8220;on|desktop&#8220; header_4_font_size_tablet=&#8220;16px&#8220; header_4_font_size_phone=&#8220;16px&#8220; header_4_font_size_last_edited=&#8220;off|desktop&#8220; global_colors_info=&#8220;{}&#8220;]<\/p>\n<h5>Hallo, wenn Sie mit mir Kontakt aufnehmen oder mich in meinem Atelier besuchen m\u00f6chten, k\u00f6nnen Sie mir per E-Mail schreiben oder mich \u00fcber WhatsApp kontaktieren.<\/h5>\n<p>[\/et_pb_text][et_pb_contact_form use_spam_service=&#8220;on&#8220; recaptcha_list=&#8220;wsfreespirit-0&#8243; email=&#8220;ws@photoshampton.com&#8220; custom_message=&#8220;Nuevo contacto||et_pb_line_break_holder||Nombre: %%Name%%||et_pb_line_break_holder||Email: %%Email%%||et_pb_line_break_holder||Mensaje: %%Message%%&#8220; _builder_version=&#8220;4.27.5&#8243; form_field_background_color=&#8220;#f3f3f4&#8243; title_font=&#8220;||||||||&#8220; form_field_font=&#8220;Open Sans||||||||&#8220; custom_button=&#8220;on&#8220; button_text_size=&#8220;12px&#8220; button_text_color=&#8220;#ffffff&#8220; button_bg_color=&#8220;#000000&#8243; button_border_width=&#8220;14px&#8220; button_border_color=&#8220;rgba(0,0,0,0)&#8220; button_border_radius=&#8220;0px&#8220; button_letter_spacing=&#8220;3px&#8220; button_font=&#8220;Roboto|700||on|||||&#8220; hover_enabled=&#8220;0&#8243; form_background_color=&#8220;#f9fafc&#8220; global_colors_info=&#8220;{}&#8220; button_text_color__hover=&#8220;#ffffff&#8220; button_text_color__hover_enabled=&#8220;on&#8220; button_bg_color__hover=&#8220;#ff7a6b&#8220; sticky_enabled=&#8220;0&#8243;][et_pb_contact_field field_id=&#8220;Name&#8220; field_title=&#8220;Name&#8220; fullwidth_field=&#8220;on&#8220; _builder_version=&#8220;4.16&#8243; global_colors_info=&#8220;{}&#8220; button_text_size__hover_enabled=&#8220;off&#8220; button_one_text_size__hover_enabled=&#8220;off&#8220; button_two_text_size__hover_enabled=&#8220;off&#8220; button_text_color__hover_enabled=&#8220;off&#8220; button_one_text_color__hover_enabled=&#8220;off&#8220; button_two_text_color__hover_enabled=&#8220;off&#8220; button_border_width__hover_enabled=&#8220;off&#8220; button_one_border_width__hover_enabled=&#8220;off&#8220; button_two_border_width__hover_enabled=&#8220;off&#8220; button_border_color__hover_enabled=&#8220;off&#8220; button_one_border_color__hover_enabled=&#8220;off&#8220; button_two_border_color__hover_enabled=&#8220;off&#8220; button_border_radius__hover_enabled=&#8220;off&#8220; button_one_border_radius__hover_enabled=&#8220;off&#8220; button_two_border_radius__hover_enabled=&#8220;off&#8220; button_letter_spacing__hover_enabled=&#8220;off&#8220; button_one_letter_spacing__hover_enabled=&#8220;off&#8220; button_two_letter_spacing__hover_enabled=&#8220;off&#8220; button_bg_color__hover_enabled=&#8220;off&#8220; button_one_bg_color__hover_enabled=&#8220;off&#8220; button_two_bg_color__hover_enabled=&#8220;off&#8220;][\/et_pb_contact_field][et_pb_contact_field field_id=&#8220;Email&#8220; field_title=&#8220;E-Mail&#8220; field_type=&#8220;email&#8220; fullwidth_field=&#8220;on&#8220; _builder_version=&#8220;4.16&#8243; global_colors_info=&#8220;{}&#8220; button_text_size__hover_enabled=&#8220;off&#8220; button_one_text_size__hover_enabled=&#8220;off&#8220; button_two_text_size__hover_enabled=&#8220;off&#8220; button_text_color__hover_enabled=&#8220;off&#8220; button_one_text_color__hover_enabled=&#8220;off&#8220; button_two_text_color__hover_enabled=&#8220;off&#8220; button_border_width__hover_enabled=&#8220;off&#8220; button_one_border_width__hover_enabled=&#8220;off&#8220; button_two_border_width__hover_enabled=&#8220;off&#8220; button_border_color__hover_enabled=&#8220;off&#8220; button_one_border_color__hover_enabled=&#8220;off&#8220; button_two_border_color__hover_enabled=&#8220;off&#8220; button_border_radius__hover_enabled=&#8220;off&#8220; button_one_border_radius__hover_enabled=&#8220;off&#8220; button_two_border_radius__hover_enabled=&#8220;off&#8220; button_letter_spacing__hover_enabled=&#8220;off&#8220; button_one_letter_spacing__hover_enabled=&#8220;off&#8220; button_two_letter_spacing__hover_enabled=&#8220;off&#8220; button_bg_color__hover_enabled=&#8220;off&#8220; button_one_bg_color__hover_enabled=&#8220;off&#8220; button_two_bg_color__hover_enabled=&#8220;off&#8220;][\/et_pb_contact_field][et_pb_contact_field field_id=&#8220;Message&#8220; field_title=&#8220;Nachricht&#8220; field_type=&#8220;text&#8220; fullwidth_field=&#8220;on&#8220; _builder_version=&#8220;4.16&#8243; global_colors_info=&#8220;{}&#8220; button_text_size__hover_enabled=&#8220;off&#8220; button_one_text_size__hover_enabled=&#8220;off&#8220; button_two_text_size__hover_enabled=&#8220;off&#8220; button_text_color__hover_enabled=&#8220;off&#8220; button_one_text_color__hover_enabled=&#8220;off&#8220; button_two_text_color__hover_enabled=&#8220;off&#8220; button_border_width__hover_enabled=&#8220;off&#8220; button_one_border_width__hover_enabled=&#8220;off&#8220; button_two_border_width__hover_enabled=&#8220;off&#8220; button_border_color__hover_enabled=&#8220;off&#8220; button_one_border_color__hover_enabled=&#8220;off&#8220; button_two_border_color__hover_enabled=&#8220;off&#8220; button_border_radius__hover_enabled=&#8220;off&#8220; button_one_border_radius__hover_enabled=&#8220;off&#8220; button_two_border_radius__hover_enabled=&#8220;off&#8220; button_letter_spacing__hover_enabled=&#8220;off&#8220; button_one_letter_spacing__hover_enabled=&#8220;off&#8220; button_two_letter_spacing__hover_enabled=&#8220;off&#8220; button_bg_color__hover_enabled=&#8220;off&#8220; button_one_bg_color__hover_enabled=&#8220;off&#8220; button_two_bg_color__hover_enabled=&#8220;off&#8220;][\/et_pb_contact_field][\/et_pb_contact_form][et_pb_text disabled_on=&#8220;off|off|off&#8220; _builder_version=&#8220;4.23.1&#8243; text_font=&#8220;||||||||&#8220; header_font=&#8220;|700|||||||&#8220; header_font_size=&#8220;20px&#8220; header_line_height=&#8220;1.3em&#8220; header_4_font=&#8220;|700|||||||&#8220; header_4_font_size=&#8220;20px&#8220; header_4_line_height=&#8220;1.3em&#8220; max_width=&#8220;600px&#8220; module_alignment=&#8220;center&#8220; header_font_size_tablet=&#8220;&#8220; header_font_size_phone=&#8220;&#8220; header_font_size_last_edited=&#8220;on|desktop&#8220; header_4_font_size_tablet=&#8220;16px&#8220; header_4_font_size_phone=&#8220;16px&#8220; header_4_font_size_last_edited=&#8220;off|desktop&#8220; global_colors_info=&#8220;{}&#8220;]<\/p>\n<h4>Walter E. Sanchez<\/h4>\n<h5>Whatsapp: +1 631 276 3444<\/h5>\n<p>[\/et_pb_text][\/et_pb_column][et_pb_column type=&#8220;1_2&#8243; _builder_version=&#8220;4.16&#8243; custom_padding=&#8220;|||&#8220; global_colors_info=&#8220;{}&#8220; custom_padding__hover=&#8220;|||&#8220;][et_pb_image src=&#8220;https:\/\/wsfreespirit.com\/wp-content\/uploads\/2023\/11\/Walter-E-sanchez-Artwes.jpg&#8220; title_text=&#8220;Walter E sanchez Artwes&#8220; _builder_version=&#8220;4.23.1&#8243; _module_preset=&#8220;default&#8220; custom_padding=&#8220;||0px|||&#8220; global_colors_info=&#8220;{}&#8220;][\/et_pb_image][et_pb_text disabled_on=&#8220;off|off|off&#8220; _builder_version=&#8220;4.23.1&#8243; text_font=&#8220;||||||||&#8220; header_font=&#8220;|700|||||||&#8220; header_font_size=&#8220;20px&#8220; header_line_height=&#8220;1.3em&#8220; header_4_font=&#8220;|700|||||||&#8220; header_4_font_size=&#8220;20px&#8220; header_4_line_height=&#8220;1.3em&#8220; max_width=&#8220;600px&#8220; module_alignment=&#8220;center&#8220; header_font_size_tablet=&#8220;&#8220; header_font_size_phone=&#8220;&#8220; header_font_size_last_edited=&#8220;on|desktop&#8220; header_4_font_size_tablet=&#8220;16px&#8220; header_4_font_size_phone=&#8220;16px&#8220; header_4_font_size_last_edited=&#8220;off|desktop&#8220; global_colors_info=&#8220;{}&#8220;]<\/p>\n<p style=\"text-align: center;\">\u201eDas Unsichtbare h\u00f6rt auf, unsichtbar zu sein, wenn wir bereit sind, uns selbst zu entdecken.\u201c W.S<\/p>\n<p>[\/et_pb_text][\/et_pb_column][\/et_pb_row][\/et_pb_section]<\/p>\n","protected":false},"excerpt":{"rendered":"<p>KontaktHallo, wenn Sie mit mir Kontakt aufnehmen oder mich in meinem Atelier besuchen m\u00f6chten, k\u00f6nnen Sie mir per E-Mail schreiben oder mich \u00fcber WhatsApp kontaktieren.Walter E. Sanchez Whatsapp: +1 631 276 3444\u201eDas Unsichtbare h\u00f6rt auf, unsichtbar zu sein, wenn wir bereit sind, uns selbst zu entdecken.\u201c W.S<\/p>\n","protected":false},"author":1,"featured_media":0,"parent":0,"menu_order":0,"comment_status":"closed","ping_status":"closed","template":"","meta":{"_et_pb_use_builder":"on","_et_pb_old_content":"","_et_gb_content_width":"","footnotes":""},"class_list":["post-1357","page","type-page","status-publish","hentry"],"yoast_head":"<!-- This site is optimized with the Yoast SEO plugin v27.6 - https:\/\/yoast.com\/product\/yoast-seo-wordpress\/ -->\n<title>Kontakt - Artwes<\/title>\n<meta name=\"robots\" content=\"index, follow, max-snippet:-1, max-image-preview:large, max-video-preview:-1\" \/>\n<link rel=\"canonical\" href=\"https:\/\/wsfreespirit.com\/de\/contact-me\/\" \/>\n<meta property=\"og:locale\" content=\"de_DE\" \/>\n<meta property=\"og:type\" content=\"article\" \/>\n<meta property=\"og:title\" content=\"Kontakt - Artwes\" \/>\n<meta property=\"og:description\" content=\"KontaktHallo, wenn Sie mit mir Kontakt aufnehmen oder mich in meinem Atelier besuchen m\u00f6chten, k\u00f6nnen Sie mir per E-Mail schreiben oder mich \u00fcber WhatsApp kontaktieren.Walter E. Sanchez Whatsapp: +1 631 276 3444\u201eDas Unsichtbare h\u00f6rt auf, unsichtbar zu sein, wenn wir bereit sind, uns selbst zu entdecken.\u201c W.S\" \/>\n<meta property=\"og:url\" content=\"https:\/\/wsfreespirit.com\/de\/contact-me\/\" \/>\n<meta property=\"og:site_name\" content=\"Artwes\" \/>\n<meta property=\"article:modified_time\" content=\"2026-02-17T19:21:06+00:00\" \/>\n<meta name=\"twitter:card\" content=\"summary_large_image\" \/>\n<script type=\"application\/ld+json\" class=\"yoast-schema-graph\">{\"@context\":\"https:\\\/\\\/schema.org\",\"@graph\":[{\"@type\":\"WebPage\",\"@id\":\"https:\\\/\\\/wsfreespirit.com\\\/de\\\/contact-me\\\/\",\"url\":\"https:\\\/\\\/wsfreespirit.com\\\/de\\\/contact-me\\\/\",\"name\":\"Kontakt - Artwes\",\"isPartOf\":{\"@id\":\"https:\\\/\\\/wsfreespirit.com\\\/#website\"},\"datePublished\":\"2023-11-14T18:30:42+00:00\",\"dateModified\":\"2026-02-17T19:21:06+00:00\",\"breadcrumb\":{\"@id\":\"https:\\\/\\\/wsfreespirit.com\\\/de\\\/contact-me\\\/#breadcrumb\"},\"inLanguage\":\"de\",\"potentialAction\":[{\"@type\":\"ReadAction\",\"target\":[\"https:\\\/\\\/wsfreespirit.com\\\/de\\\/contact-me\\\/\"]}]},{\"@type\":\"BreadcrumbList\",\"@id\":\"https:\\\/\\\/wsfreespirit.com\\\/de\\\/contact-me\\\/#breadcrumb\",\"itemListElement\":[{\"@type\":\"ListItem\",\"position\":1,\"name\":\"Home\",\"item\":\"https:\\\/\\\/wsfreespirit.com\\\/de\\\/about-me\\\/\"},{\"@type\":\"ListItem\",\"position\":2,\"name\":\"Kontakt\"}]},{\"@type\":\"WebSite\",\"@id\":\"https:\\\/\\\/wsfreespirit.com\\\/#website\",\"url\":\"https:\\\/\\\/wsfreespirit.com\\\/\",\"name\":\"Artwes\",\"description\":\"Artist Page By Walter E. Sanchez\",\"potentialAction\":[{\"@type\":\"SearchAction\",\"target\":{\"@type\":\"EntryPoint\",\"urlTemplate\":\"https:\\\/\\\/wsfreespirit.com\\\/?s={search_term_string}\"},\"query-input\":{\"@type\":\"PropertyValueSpecification\",\"valueRequired\":true,\"valueName\":\"search_term_string\"}}],\"inLanguage\":\"de\"}]}<\/script>\n<!-- \/ Yoast SEO plugin. -->","yoast_head_json":{"title":"Kontakt - Artwes","robots":{"index":"index","follow":"follow","max-snippet":"max-snippet:-1","max-image-preview":"max-image-preview:large","max-video-preview":"max-video-preview:-1"},"canonical":"https:\/\/wsfreespirit.com\/de\/contact-me\/","og_locale":"de_DE","og_type":"article","og_title":"Kontakt - Artwes","og_description":"KontaktHallo, wenn Sie mit mir Kontakt aufnehmen oder mich in meinem Atelier besuchen m\u00f6chten, k\u00f6nnen Sie mir per E-Mail schreiben oder mich \u00fcber WhatsApp kontaktieren.Walter E. Sanchez Whatsapp: +1 631 276 3444\u201eDas Unsichtbare h\u00f6rt auf, unsichtbar zu sein, wenn wir bereit sind, uns selbst zu entdecken.\u201c W.S","og_url":"https:\/\/wsfreespirit.com\/de\/contact-me\/","og_site_name":"Artwes","article_modified_time":"2026-02-17T19:21:06+00:00","twitter_card":"summary_large_image","schema":{"@context":"https:\/\/schema.org","@graph":[{"@type":"WebPage","@id":"https:\/\/wsfreespirit.com\/de\/contact-me\/","url":"https:\/\/wsfreespirit.com\/de\/contact-me\/","name":"Kontakt - Artwes","isPartOf":{"@id":"https:\/\/wsfreespirit.com\/#website"},"datePublished":"2023-11-14T18:30:42+00:00","dateModified":"2026-02-17T19:21:06+00:00","breadcrumb":{"@id":"https:\/\/wsfreespirit.com\/de\/contact-me\/#breadcrumb"},"inLanguage":"de","potentialAction":[{"@type":"ReadAction","target":["https:\/\/wsfreespirit.com\/de\/contact-me\/"]}]},{"@type":"BreadcrumbList","@id":"https:\/\/wsfreespirit.com\/de\/contact-me\/#breadcrumb","itemListElement":[{"@type":"ListItem","position":1,"name":"Home","item":"https:\/\/wsfreespirit.com\/de\/about-me\/"},{"@type":"ListItem","position":2,"name":"Kontakt"}]},{"@type":"WebSite","@id":"https:\/\/wsfreespirit.com\/#website","url":"https:\/\/wsfreespirit.com\/","name":"Artwes","description":"Artist Page By Walter E. Sanchez","potentialAction":[{"@type":"SearchAction","target":{"@type":"EntryPoint","urlTemplate":"https:\/\/wsfreespirit.com\/?s={search_term_string}"},"query-input":{"@type":"PropertyValueSpecification","valueRequired":true,"valueName":"search_term_string"}}],"inLanguage":"de"}]}},"jetpack_sharing_enabled":true,"_links":{"self":[{"href":"https:\/\/wsfreespirit.com\/de\/wp-json\/wp\/v2\/pages\/1357","targetHints":{"allow":["GET"]}}],"collection":[{"href":"https:\/\/wsfreespirit.com\/de\/wp-json\/wp\/v2\/pages"}],"about":[{"href":"https:\/\/wsfreespirit.com\/de\/wp-json\/wp\/v2\/types\/page"}],"author":[{"embeddable":true,"href":"https:\/\/wsfreespirit.com\/de\/wp-json\/wp\/v2\/users\/1"}],"replies":[{"embeddable":true,"href":"https:\/\/wsfreespirit.com\/de\/wp-json\/wp\/v2\/comments?post=1357"}],"version-history":[{"count":4,"href":"https:\/\/wsfreespirit.com\/de\/wp-json\/wp\/v2\/pages\/1357\/revisions"}],"predecessor-version":[{"id":1373,"href":"https:\/\/wsfreespirit.com\/de\/wp-json\/wp\/v2\/pages\/1357\/revisions\/1373"}],"wp:attachment":[{"href":"https:\/\/wsfreespirit.com\/de\/wp-json\/wp\/v2\/media?parent=1357"}],"curies":[{"name":"wp","href":"https:\/\/api.w.org\/{rel}","templated":true}]}}