{"id":1309,"date":"2025-11-05T03:53:25","date_gmt":"2025-11-05T03:53:25","guid":{"rendered":"https:\/\/wsfreespirit.com\/free-spirit-2\/"},"modified":"2026-02-17T18:27:08","modified_gmt":"2026-02-17T18:27:08","slug":"free-spirit-2","status":"publish","type":"page","link":"https:\/\/wsfreespirit.com\/de\/free-spirit-2\/","title":{"rendered":"Free Spirit"},"content":{"rendered":"<p>[et_pb_section fb_built=&#8220;1&#8243; admin_label=&#8220;Header&#8220; _builder_version=&#8220;4.23.2&#8243; _module_preset=&#8220;default&#8220; collapsed=&#8220;on&#8220; global_colors_info=&#8220;{}&#8220; theme_builder_area=&#8220;post_content&#8220;][et_pb_row column_structure=&#8220;2_5,3_5&#8243; _builder_version=&#8220;4.23.2&#8243; _module_preset=&#8220;default&#8220; locked=&#8220;off&#8220; global_colors_info=&#8220;{}&#8220; theme_builder_area=&#8220;post_content&#8220;][et_pb_column type=&#8220;2_5&#8243; _builder_version=&#8220;4.23.2&#8243; _module_preset=&#8220;default&#8220; global_colors_info=&#8220;{}&#8220; theme_builder_area=&#8220;post_content&#8220;][et_pb_image src=&#8220;https:\/\/wsfreespirit.com\/wp-content\/uploads\/2025\/11\/art-therapist-mask-03-1.png&#8220; title_text=&#8220;WATER LIFE&#8220; _builder_version=&#8220;4.27.4&#8243; _module_preset=&#8220;default&#8220; background_image=&#8220;https:\/\/wsfreespirit.com\/wp-content\/uploads\/2023\/11\/WATERLIFE-24&#215;36-Inch-Canvas.jpg&#8220; scroll_rotating_enable=&#8220;on&#8220; scroll_rotating=&#8220;0|50|50|100|10\u00b0|0|-10\u00b0&#8220; hover_enabled=&#8220;0&#8243; global_colors_info=&#8220;{}&#8220; theme_builder_area=&#8220;post_content&#8220; sticky_enabled=&#8220;0&#8243;][\/et_pb_image][et_pb_image src=&#8220;https:\/\/wsfreespirit.com\/wp-content\/uploads\/2025\/11\/art-therapist-illustration-20-1.png&#8220; title_text=&#8220;art-therapist-illustration-20-1&#8243; _builder_version=&#8220;4.24.2&#8243; _module_preset=&#8220;default&#8220; positioning=&#8220;absolute&#8220; position_origin_a=&#8220;bottom_right&#8220; width=&#8220;70%&#8220; mix_blend_mode=&#8220;multiply&#8220; scroll_rotating_enable=&#8220;on&#8220; scroll_rotating=&#8220;0|50|50|100|-10\u00b0|0|10\u00b0&#8220; global_colors_info=&#8220;{}&#8220; theme_builder_area=&#8220;post_content&#8220;][\/et_pb_image][\/et_pb_column][et_pb_column type=&#8220;3_5&#8243; _builder_version=&#8220;4.23.2&#8243; _module_preset=&#8220;default&#8220; global_colors_info=&#8220;{}&#8220; theme_builder_area=&#8220;post_content&#8220;][et_pb_text _builder_version=&#8220;4.27.4&#8243; _module_preset=&#8220;_initial&#8220; header_font=&#8220;&#8211;et_global_heading_font|500|||||||&#8220; header_text_color=&#8220;gcid-d15821fb-ca65-4f29-bfd5-ea044f046af4&#8243; header_font_size=&#8220;80px&#8220; header_line_height=&#8220;1.2em&#8220; custom_margin=&#8220;||10px||false|false&#8220; hover_enabled=&#8220;0&#8243; header_font_size_tablet=&#8220;40px&#8220; header_font_size_phone=&#8220;24px&#8220; header_font_size_last_edited=&#8220;on|desktop&#8220; global_colors_info=&#8220;{%22gcid-d15821fb-ca65-4f29-bfd5-ea044f046af4%22:%91%22header_text_color%22%93}&#8220; theme_builder_area=&#8220;post_content&#8220; sticky_enabled=&#8220;0&#8243;]<\/p>\n<h1>Free Spirit<\/h1>\n<h3><b><i>Kunst als Weg zur inneren Freiheit<\/i><\/b><\/h3>\n<p>[\/et_pb_text][et_pb_text _builder_version=&#8220;4.27.4&#8243; _module_preset=&#8220;_initial&#8220; text_font=&#8220;Barlow||||||||&#8220; text_text_color=&#8220;gcid-d15821fb-ca65-4f29-bfd5-ea044f046af4&#8243; text_font_size=&#8220;16px&#8220; text_line_height=&#8220;1.8em&#8220; hover_enabled=&#8220;0&#8243; text_font_size_tablet=&#8220;15px&#8220; text_font_size_phone=&#8220;14px&#8220; text_font_size_last_edited=&#8220;on|desktop&#8220; global_colors_info=&#8220;{%22gcid-d15821fb-ca65-4f29-bfd5-ea044f046af4%22:%91%22text_text_color%22%93}&#8220; theme_builder_area=&#8220;post_content&#8220; sticky_enabled=&#8220;0&#8243;]Free Spirit ist ein lebendiger Ausdruck der Suche nach Freiheit, Bewusstsein und innerer Sch\u00f6nheit. Das Projekt wurde von Walter E. S\u00e1nchez, K\u00fcnstler, ganzheitlicher Berater und spiritueller Geschichtenerz\u00e4hler, ins Leben gerufen und entstand als Br\u00fccke zwischen Kunst, Heilung und der Weisheit der Vorfahren. Sein Zweck ist es, uns daran zu erinnern, dass wir alle einen sch\u00f6pferischen Funken in uns tragen, der unser Leben und die Welt, in der wir leben, ver\u00e4ndern kann. Inspiriert von seinen Reisen durch S\u00fcdamerika, den Amazonas, die Anden und Indien, integriert Walter in \u201eFree Spirit\u201c die Lehren indigener Gemeinschaften, Feuer- und Wasserzeremonien sowie spirituelle Praktiken, die die Elemente der Natur ehren. Jede Sch\u00f6pfung \u2013 sei es ein Buch, ein Gem\u00e4lde, eine Zeremonie oder ein audiovisuelles Erlebnis \u2013 wird zu einem Werkzeug, um wieder mit dem Wesen des Seins in Verbindung zu treten.[\/et_pb_text][\/et_pb_column][\/et_pb_row][\/et_pb_section][et_pb_section fb_built=&#8220;1&#8243; admin_label=&#8220;Features&#8220; _builder_version=&#8220;4.24.2&#8243; _module_preset=&#8220;default&#8220; background_color=&#8220;gcid-ae2718f9-596d-4e4c-a089-a3606cb7bdc2&#8243; background_enable_image=&#8220;off&#8220; background_size=&#8220;initial&#8220; collapsed=&#8220;on&#8220; global_colors_info=&#8220;{%22gcid-ae2718f9-596d-4e4c-a089-a3606cb7bdc2%22:%91%22background_color%22%93}&#8220; theme_builder_area=&#8220;post_content&#8220;][et_pb_row column_structure=&#8220;1_2,1_2&#8243; _builder_version=&#8220;4.23.2&#8243; _module_preset=&#8220;default&#8220; locked=&#8220;off&#8220; global_colors_info=&#8220;{}&#8220; theme_builder_area=&#8220;post_content&#8220;][et_pb_column type=&#8220;1_2&#8243; _builder_version=&#8220;4.23.2&#8243; _module_preset=&#8220;default&#8220; global_colors_info=&#8220;{}&#8220; theme_builder_area=&#8220;post_content&#8220;][et_pb_text _builder_version=&#8220;4.27.4&#8243; _module_preset=&#8220;_initial&#8220; header_2_font=&#8220;&#8211;et_global_heading_font|500|||||||&#8220; header_2_text_color=&#8220;gcid-d15821fb-ca65-4f29-bfd5-ea044f046af4&#8243; header_2_font_size=&#8220;56px&#8220; header_2_line_height=&#8220;1.2em&#8220; custom_margin=&#8220;||10px||false|false&#8220; hover_enabled=&#8220;0&#8243; header_2_font_size_tablet=&#8220;32px&#8220; header_2_font_size_phone=&#8220;20px&#8220; header_2_font_size_last_edited=&#8220;on|desktop&#8220; global_colors_info=&#8220;{%22gcid-d15821fb-ca65-4f29-bfd5-ea044f046af4%22:%91%22header_2_text_color%22%93}&#8220; theme_builder_area=&#8220;post_content&#8220; sticky_enabled=&#8220;0&#8243;]<\/p>\n<h2>Philosophie<br \/>\n<\/h2>\n<p>[\/et_pb_text][et_pb_text _builder_version=&#8220;4.27.4&#8243; _module_preset=&#8220;_initial&#8220; text_font=&#8220;Barlow||||||||&#8220; text_text_color=&#8220;gcid-d15821fb-ca65-4f29-bfd5-ea044f046af4&#8243; text_font_size=&#8220;16px&#8220; text_line_height=&#8220;1.8em&#8220; hover_enabled=&#8220;0&#8243; text_font_size_tablet=&#8220;15px&#8220; text_font_size_phone=&#8220;14px&#8220; text_font_size_last_edited=&#8220;on|desktop&#8220; global_colors_info=&#8220;{%22gcid-d15821fb-ca65-4f29-bfd5-ea044f046af4%22:%91%22text_text_color%22%93}&#8220; theme_builder_area=&#8220;post_content&#8220; sticky_enabled=&#8220;0&#8243;]Free Spirit argumentiert, dass Kunst nicht nur eine Ausdrucksform, sondern auch ein Weg zur Erweiterung des Bewusstseins ist. In diesem Raum verschmelzen Farbe, Klang und Stille zu universellen Sprachen der Heilung. Seine Vision verbindet zeitgen\u00f6ssische Kunst mit uralter Weisheit, die \u00e4u\u00dfere Reise mit der inneren Erkundung und individuelles Lernen mit kollektiver Verbundenheit.[\/et_pb_text][\/et_pb_column][et_pb_column type=&#8220;1_2&#8243; _builder_version=&#8220;4.23.2&#8243; _module_preset=&#8220;default&#8220; global_colors_info=&#8220;{}&#8220; theme_builder_area=&#8220;post_content&#8220;][et_pb_text _builder_version=&#8220;4.27.4&#8243; _module_preset=&#8220;_initial&#8220; header_2_font=&#8220;&#8211;et_global_heading_font|500|||||||&#8220; header_2_text_color=&#8220;gcid-d15821fb-ca65-4f29-bfd5-ea044f046af4&#8243; header_2_font_size=&#8220;56px&#8220; header_2_line_height=&#8220;1.2em&#8220; custom_margin=&#8220;||1px||false|false&#8220; hover_enabled=&#8220;0&#8243; header_2_font_size_tablet=&#8220;32px&#8220; header_2_font_size_phone=&#8220;20px&#8220; header_2_font_size_last_edited=&#8220;on|desktop&#8220; global_colors_info=&#8220;{%22gcid-d15821fb-ca65-4f29-bfd5-ea044f046af4%22:%91%22header_2_text_color%22%93}&#8220; theme_builder_area=&#8220;post_content&#8220; sticky_enabled=&#8220;0&#8243;]<\/p>\n<h2>Proyectos<\/h2>\n<p>[\/et_pb_text][et_pb_text _builder_version=&#8220;4.27.4&#8243; _module_preset=&#8220;_initial&#8220; header_4_font=&#8220;&#8211;et_global_heading_font||||||||&#8220; header_4_text_color=&#8220;gcid-d15821fb-ca65-4f29-bfd5-ea044f046af4&#8243; header_4_font_size=&#8220;14px&#8220; header_4_letter_spacing=&#8220;1px&#8220; header_4_line_height=&#8220;1.4em&#8220; custom_margin=&#8220;||10px||false|false&#8220; hover_enabled=&#8220;0&#8243; global_colors_info=&#8220;{%22gcid-d15821fb-ca65-4f29-bfd5-ea044f046af4%22:%91%22header_4_text_color%22%93}&#8220; theme_builder_area=&#8220;post_content&#8220; sticky_enabled=&#8220;0&#8243;]<\/p>\n<h4>Im Universum von Free Spirit gedeihen vielf\u00e4ltige Wege.<\/h4>\n<p>[\/et_pb_text][et_pb_blurb title=&#8220;Die 5 Elementeb\u00fccher (Pfad der Erde, des Wassers, des Feuers, der Luft und des \u00c4thers)&#8220; image_icon_width=&#8220;64px&#8220; icon_alignment=&#8220;left&#8220; content_max_width=&#8220;100%&#8220; _builder_version=&#8220;4.27.4&#8243; _module_preset=&#8220;_initial&#8220; header_font=&#8220;Playfair Display|600|||||||&#8220; header_text_color=&#8220;gcid-d15821fb-ca65-4f29-bfd5-ea044f046af4&#8243; header_font_size=&#8220;20px&#8220; header_line_height=&#8220;1.4em&#8220; body_font=&#8220;Barlow||||||||&#8220; body_text_color=&#8220;#013334&#8243; body_line_height=&#8220;1.8em&#8220; custom_margin=&#8220;||0px||false|false&#8220; custom_padding=&#8220;11px|20px|11px|20px|true|true&#8220; animation=&#8220;off&#8220; link_option_url=&#8220;#&#8220; header_font_size_tablet=&#8220;16px&#8220; header_font_size_phone=&#8220;14px&#8220; header_font_size_last_edited=&#8220;on|desktop&#8220; locked=&#8220;off&#8220; background_color__hover=&#8220;#FFFFFF&#8220; custom_padding__hover=&#8220;|10px||30px|false|false&#8220; custom_padding__hover_enabled=&#8220;on|hover&#8220; background_enable_color__hover=&#8220;on&#8220; theme_builder_area=&#8220;post_content&#8220; sticky_enabled=&#8220;0&#8243; global_colors_info=&#8220;{%22gcid-d15821fb-ca65-4f29-bfd5-ea044f046af4%22:%91%22header_text_color%22,%22header_text_color%22%93}&#8220; background__hover_enabled=&#8220;on|hover&#8220;]<\/p>\n<p>Eine Reihe poetisch-spiritueller Werke, die die Lehren der Elemente und deren Widerspiegelung in der menschlichen Transformation offenbaren.<\/p>\n<p>[\/et_pb_blurb][et_pb_blurb title=&#8220;Share2Art.com&#8220; image_icon_width=&#8220;64px&#8220; icon_alignment=&#8220;left&#8220; content_max_width=&#8220;100%&#8220; _builder_version=&#8220;4.27.4&#8243; _module_preset=&#8220;_initial&#8220; header_font=&#8220;Playfair Display|600|||||||&#8220; header_text_color=&#8220;gcid-d15821fb-ca65-4f29-bfd5-ea044f046af4&#8243; header_font_size=&#8220;20px&#8220; header_line_height=&#8220;1.4em&#8220; body_font=&#8220;Barlow||||||||&#8220; body_text_color=&#8220;#013334&#8243; body_line_height=&#8220;1.8em&#8220; custom_margin=&#8220;||0px||false|false&#8220; custom_padding=&#8220;11px|20px|11px|20px|true|true&#8220; animation=&#8220;off&#8220; link_option_url=&#8220;#&#8220; hover_enabled=&#8220;0&#8243; header_font_size_tablet=&#8220;16px&#8220; header_font_size_phone=&#8220;14px&#8220; header_font_size_last_edited=&#8220;on|desktop&#8220; locked=&#8220;off&#8220; global_colors_info=&#8220;{%22gcid-d15821fb-ca65-4f29-bfd5-ea044f046af4%22:%91%22header_text_color%22%93}&#8220; background_color__hover=&#8220;#FFFFFF&#8220; background__hover_enabled=&#8220;on|hover&#8220; custom_padding__hover=&#8220;|10px||30px|false|false&#8220; custom_padding__hover_enabled=&#8220;on|hover&#8220; background_enable_color__hover=&#8220;on&#8220; theme_builder_area=&#8220;post_content&#8220; sticky_enabled=&#8220;0&#8243;]Una comunidad que comparte arte, conocimiento y espiritualidad como veh\u00edculos de crecimiento y cooperaci\u00f3n.[\/et_pb_blurb][et_pb_blurb title=&#8220;BeUnico Galerie&#8220; image_icon_width=&#8220;64px&#8220; icon_alignment=&#8220;left&#8220; content_max_width=&#8220;100%&#8220; _builder_version=&#8220;4.27.4&#8243; _module_preset=&#8220;_initial&#8220; header_font=&#8220;Playfair Display|600|||||||&#8220; header_text_color=&#8220;gcid-d15821fb-ca65-4f29-bfd5-ea044f046af4&#8243; header_font_size=&#8220;20px&#8220; header_line_height=&#8220;1.4em&#8220; body_font=&#8220;Barlow||||||||&#8220; body_text_color=&#8220;#013334&#8243; body_line_height=&#8220;1.8em&#8220; custom_margin=&#8220;||0px||false|false&#8220; custom_padding=&#8220;11px|20px|11px|20px|true|true&#8220; animation=&#8220;off&#8220; link_option_url=&#8220;#&#8220; header_font_size_tablet=&#8220;16px&#8220; header_font_size_phone=&#8220;14px&#8220; header_font_size_last_edited=&#8220;on|desktop&#8220; locked=&#8220;off&#8220; background_color__hover=&#8220;#FFFFFF&#8220; custom_padding__hover=&#8220;|10px||30px|false|false&#8220; custom_padding__hover_enabled=&#8220;on|hover&#8220; background_enable_color__hover=&#8220;on&#8220; theme_builder_area=&#8220;post_content&#8220; sticky_enabled=&#8220;0&#8243; global_colors_info=&#8220;{%22gcid-d15821fb-ca65-4f29-bfd5-ea044f046af4%22:%91%22header_text_color%22,%22header_text_color%22%93}&#8220; background__hover_enabled=&#8220;on|hover&#8220;]Der Raum, in dem visuelle Werke und sinnliche Erfahrungen zusammenflie\u00dfen, darunter taktile Serien wie To Be Touched, die dazu einladen, Kunst mit H\u00e4nden und Herz zu f\u00fchlen.[\/et_pb_blurb][et_pb_blurb title=&#8220;Mein Weg zur Wiedergeburt&#8220; image_icon_width=&#8220;64px&#8220; icon_alignment=&#8220;left&#8220; content_max_width=&#8220;100%&#8220; _builder_version=&#8220;4.27.4&#8243; _module_preset=&#8220;_initial&#8220; header_font=&#8220;Playfair Display|600|||||||&#8220; header_text_color=&#8220;gcid-d15821fb-ca65-4f29-bfd5-ea044f046af4&#8243; header_font_size=&#8220;20px&#8220; header_line_height=&#8220;1.4em&#8220; body_font=&#8220;Barlow||||||||&#8220; body_text_color=&#8220;#013334&#8243; body_line_height=&#8220;1.8em&#8220; custom_margin=&#8220;||0px||false|false&#8220; custom_padding=&#8220;11px|20px|11px|20px|true|true&#8220; animation=&#8220;off&#8220; link_option_url=&#8220;#&#8220; header_font_size_tablet=&#8220;16px&#8220; header_font_size_phone=&#8220;14px&#8220; header_font_size_last_edited=&#8220;on|desktop&#8220; locked=&#8220;off&#8220; background_color__hover=&#8220;#FFFFFF&#8220; custom_padding__hover=&#8220;|10px||30px|false|false&#8220; custom_padding__hover_enabled=&#8220;on|hover&#8220; background_enable_color__hover=&#8220;on&#8220; theme_builder_area=&#8220;post_content&#8220; sticky_enabled=&#8220;0&#8243; global_colors_info=&#8220;{%22gcid-d15821fb-ca65-4f29-bfd5-ea044f046af4%22:%91%22header_text_color%22,%22header_text_color%22%93}&#8220; background__hover_enabled=&#8220;on|hover&#8220; hover_enabled=&#8220;0&#8243;]Eine audiovisuelle und spirituelle Reise entlang der Qhapaq \u00d1an Route, die Zeremonien, Landschaften und Begegnungen mit H\u00fctern der Weisheit der Vorfahren dokumentiert.[\/et_pb_blurb][\/et_pb_column][\/et_pb_row][\/et_pb_section][et_pb_section fb_built=&#8220;1&#8243; admin_label=&#8220;FAQ&#8220; _builder_version=&#8220;4.23.2&#8243; _module_preset=&#8220;default&#8220; collapsed=&#8220;on&#8220; global_colors_info=&#8220;{}&#8220; theme_builder_area=&#8220;post_content&#8220;][et_pb_row _builder_version=&#8220;4.23.2&#8243; _module_preset=&#8220;default&#8220; global_colors_info=&#8220;{}&#8220; theme_builder_area=&#8220;post_content&#8220;][et_pb_column type=&#8220;4_4&#8243; _builder_version=&#8220;4.23.2&#8243; _module_preset=&#8220;default&#8220; global_colors_info=&#8220;{}&#8220; theme_builder_area=&#8220;post_content&#8220;][et_pb_accordion open_toggle_background_color=&#8220;gcid-ae2718f9-596d-4e4c-a089-a3606cb7bdc2&#8243; closed_toggle_background_color=&#8220;RGBA(255,255,255,0)&#8220; toggle_icon=&#8220;&#x47;||divi||400&#8243; icon_color=&#8220;#000000&#8243; _builder_version=&#8220;4.27.4&#8243; _module_preset=&#8220;default&#8220; toggle_text_color=&#8220;gcid-d15821fb-ca65-4f29-bfd5-ea044f046af4&#8243; toggle_font=&#8220;Barlow|600|||||||&#8220; toggle_font_size=&#8220;20px&#8220; toggle_line_height=&#8220;1.4em&#8220; body_font=&#8220;Barlow||||||||&#8220; body_text_color=&#8220;gcid-d15821fb-ca65-4f29-bfd5-ea044f046af4&#8243; body_font_size=&#8220;16px&#8220; body_line_height=&#8220;1.8em&#8220; hover_enabled=&#8220;0&#8243; toggle_font_size_tablet=&#8220;16px&#8220; toggle_font_size_phone=&#8220;14px&#8220; toggle_font_size_last_edited=&#8220;on|desktop&#8220; body_font_size_tablet=&#8220;15px&#8220; body_font_size_phone=&#8220;14px&#8220; body_font_size_last_edited=&#8220;on|desktop&#8220; border_width_all=&#8220;0px&#8220; locked=&#8220;off&#8220; global_colors_info=&#8220;{%22gcid-d15821fb-ca65-4f29-bfd5-ea044f046af4%22:%91%22icon_color%22,%22toggle_text_color%22,%22body_text_color%22%93,%22gcid-ae2718f9-596d-4e4c-a089-a3606cb7bdc2%22:%91%22open_toggle_background_color%22%93}&#8220; theme_builder_area=&#8220;post_content&#8220; sticky_enabled=&#8220;0&#8243;][et_pb_accordion_item title=&#8220;Mission&#8220; open=&#8220;on&#8220; _builder_version=&#8220;4.27.4&#8243; _module_preset=&#8220;default&#8220; hover_enabled=&#8220;0&#8243; global_colors_info=&#8220;{}&#8220; theme_builder_area=&#8220;post_content&#8220; sticky_enabled=&#8220;0&#8243;]Free Spirit m\u00f6chte Menschen dazu inspirieren, authentisch zu leben, durch Kunst Heilung zu finden und sich wieder mit der Natur als Quelle des Gleichgewichts zu verbinden. Jedes Projekt ist eine Einladung, sich daran zu erinnern, wer wir jenseits von Rollen, Strukturen oder Grenzen sind: freie, kreative und spirituelle Wesen.[\/et_pb_accordion_item][et_pb_accordion_item title=&#8220;Vision&#8220; _builder_version=&#8220;4.27.4&#8243; _module_preset=&#8220;default&#8220; hover_enabled=&#8220;0&#8243; global_colors_info=&#8220;{}&#8220; theme_builder_area=&#8220;post_content&#8220; open=&#8220;off&#8220; sticky_enabled=&#8220;0&#8243;]Ziel ist es, ein globales Netzwerk von Freigeistern zu schaffen, die Kunst, Bewusstsein und Handeln vereinen und so eine Kultur der Harmonie, des Respekts und der Einheit mit der Erde f\u00f6rdern.[\/et_pb_accordion_item][\/et_pb_accordion][\/et_pb_column][\/et_pb_row][\/et_pb_section]<\/p>\n","protected":false},"excerpt":{"rendered":"<p>Free Spirit Kunst als Weg zur inneren FreiheitFree Spirit ist ein lebendiger Ausdruck der Suche nach Freiheit, Bewusstsein und innerer Sch\u00f6nheit. Das Projekt wurde von Walter E. S\u00e1nchez, K\u00fcnstler, ganzheitlicher Berater und spiritueller Geschichtenerz\u00e4hler, ins Leben gerufen und entstand als Br\u00fccke zwischen Kunst, Heilung und der Weisheit der Vorfahren. Sein Zweck ist es, uns daran [&hellip;]<\/p>\n","protected":false},"author":2,"featured_media":0,"parent":0,"menu_order":0,"comment_status":"closed","ping_status":"closed","template":"","meta":{"_et_pb_use_builder":"on","_et_pb_old_content":"","_et_gb_content_width":"","footnotes":""},"class_list":["post-1309","page","type-page","status-publish","hentry"],"yoast_head":"<!-- This site is optimized with the Yoast SEO plugin v27.6 - https:\/\/yoast.com\/product\/yoast-seo-wordpress\/ -->\n<title>Free Spirit - Artwes<\/title>\n<meta name=\"robots\" content=\"index, follow, max-snippet:-1, max-image-preview:large, max-video-preview:-1\" \/>\n<link rel=\"canonical\" href=\"https:\/\/wsfreespirit.com\/de\/free-spirit-2\/\" \/>\n<meta property=\"og:locale\" content=\"de_DE\" \/>\n<meta property=\"og:type\" content=\"article\" \/>\n<meta property=\"og:title\" content=\"Free Spirit - Artwes\" \/>\n<meta property=\"og:description\" content=\"Free Spirit Kunst als Weg zur inneren FreiheitFree Spirit ist ein lebendiger Ausdruck der Suche nach Freiheit, Bewusstsein und innerer Sch\u00f6nheit. Das Projekt wurde von Walter E. S\u00e1nchez, K\u00fcnstler, ganzheitlicher Berater und spiritueller Geschichtenerz\u00e4hler, ins Leben gerufen und entstand als Br\u00fccke zwischen Kunst, Heilung und der Weisheit der Vorfahren. Sein Zweck ist es, uns daran [&hellip;]\" \/>\n<meta property=\"og:url\" content=\"https:\/\/wsfreespirit.com\/de\/free-spirit-2\/\" \/>\n<meta property=\"og:site_name\" content=\"Artwes\" \/>\n<meta property=\"article:modified_time\" content=\"2026-02-17T18:27:08+00:00\" \/>\n<meta name=\"twitter:card\" content=\"summary_large_image\" \/>\n<script type=\"application\/ld+json\" class=\"yoast-schema-graph\">{\"@context\":\"https:\\\/\\\/schema.org\",\"@graph\":[{\"@type\":\"WebPage\",\"@id\":\"https:\\\/\\\/wsfreespirit.com\\\/de\\\/free-spirit-2\\\/\",\"url\":\"https:\\\/\\\/wsfreespirit.com\\\/de\\\/free-spirit-2\\\/\",\"name\":\"Free Spirit - Artwes\",\"isPartOf\":{\"@id\":\"https:\\\/\\\/wsfreespirit.com\\\/#website\"},\"datePublished\":\"2025-11-05T03:53:25+00:00\",\"dateModified\":\"2026-02-17T18:27:08+00:00\",\"breadcrumb\":{\"@id\":\"https:\\\/\\\/wsfreespirit.com\\\/de\\\/free-spirit-2\\\/#breadcrumb\"},\"inLanguage\":\"de\",\"potentialAction\":[{\"@type\":\"ReadAction\",\"target\":[\"https:\\\/\\\/wsfreespirit.com\\\/de\\\/free-spirit-2\\\/\"]}]},{\"@type\":\"BreadcrumbList\",\"@id\":\"https:\\\/\\\/wsfreespirit.com\\\/de\\\/free-spirit-2\\\/#breadcrumb\",\"itemListElement\":[{\"@type\":\"ListItem\",\"position\":1,\"name\":\"Home\",\"item\":\"https:\\\/\\\/wsfreespirit.com\\\/de\\\/about-me\\\/\"},{\"@type\":\"ListItem\",\"position\":2,\"name\":\"Free Spirit\"}]},{\"@type\":\"WebSite\",\"@id\":\"https:\\\/\\\/wsfreespirit.com\\\/#website\",\"url\":\"https:\\\/\\\/wsfreespirit.com\\\/\",\"name\":\"Artwes\",\"description\":\"Artist Page By Walter E. Sanchez\",\"potentialAction\":[{\"@type\":\"SearchAction\",\"target\":{\"@type\":\"EntryPoint\",\"urlTemplate\":\"https:\\\/\\\/wsfreespirit.com\\\/?s={search_term_string}\"},\"query-input\":{\"@type\":\"PropertyValueSpecification\",\"valueRequired\":true,\"valueName\":\"search_term_string\"}}],\"inLanguage\":\"de\"}]}<\/script>\n<!-- \/ Yoast SEO plugin. -->","yoast_head_json":{"title":"Free Spirit - Artwes","robots":{"index":"index","follow":"follow","max-snippet":"max-snippet:-1","max-image-preview":"max-image-preview:large","max-video-preview":"max-video-preview:-1"},"canonical":"https:\/\/wsfreespirit.com\/de\/free-spirit-2\/","og_locale":"de_DE","og_type":"article","og_title":"Free Spirit - Artwes","og_description":"Free Spirit Kunst als Weg zur inneren FreiheitFree Spirit ist ein lebendiger Ausdruck der Suche nach Freiheit, Bewusstsein und innerer Sch\u00f6nheit. Das Projekt wurde von Walter E. S\u00e1nchez, K\u00fcnstler, ganzheitlicher Berater und spiritueller Geschichtenerz\u00e4hler, ins Leben gerufen und entstand als Br\u00fccke zwischen Kunst, Heilung und der Weisheit der Vorfahren. Sein Zweck ist es, uns daran [&hellip;]","og_url":"https:\/\/wsfreespirit.com\/de\/free-spirit-2\/","og_site_name":"Artwes","article_modified_time":"2026-02-17T18:27:08+00:00","twitter_card":"summary_large_image","schema":{"@context":"https:\/\/schema.org","@graph":[{"@type":"WebPage","@id":"https:\/\/wsfreespirit.com\/de\/free-spirit-2\/","url":"https:\/\/wsfreespirit.com\/de\/free-spirit-2\/","name":"Free Spirit - Artwes","isPartOf":{"@id":"https:\/\/wsfreespirit.com\/#website"},"datePublished":"2025-11-05T03:53:25+00:00","dateModified":"2026-02-17T18:27:08+00:00","breadcrumb":{"@id":"https:\/\/wsfreespirit.com\/de\/free-spirit-2\/#breadcrumb"},"inLanguage":"de","potentialAction":[{"@type":"ReadAction","target":["https:\/\/wsfreespirit.com\/de\/free-spirit-2\/"]}]},{"@type":"BreadcrumbList","@id":"https:\/\/wsfreespirit.com\/de\/free-spirit-2\/#breadcrumb","itemListElement":[{"@type":"ListItem","position":1,"name":"Home","item":"https:\/\/wsfreespirit.com\/de\/about-me\/"},{"@type":"ListItem","position":2,"name":"Free Spirit"}]},{"@type":"WebSite","@id":"https:\/\/wsfreespirit.com\/#website","url":"https:\/\/wsfreespirit.com\/","name":"Artwes","description":"Artist Page By Walter E. Sanchez","potentialAction":[{"@type":"SearchAction","target":{"@type":"EntryPoint","urlTemplate":"https:\/\/wsfreespirit.com\/?s={search_term_string}"},"query-input":{"@type":"PropertyValueSpecification","valueRequired":true,"valueName":"search_term_string"}}],"inLanguage":"de"}]}},"jetpack_sharing_enabled":true,"_links":{"self":[{"href":"https:\/\/wsfreespirit.com\/de\/wp-json\/wp\/v2\/pages\/1309","targetHints":{"allow":["GET"]}}],"collection":[{"href":"https:\/\/wsfreespirit.com\/de\/wp-json\/wp\/v2\/pages"}],"about":[{"href":"https:\/\/wsfreespirit.com\/de\/wp-json\/wp\/v2\/types\/page"}],"author":[{"embeddable":true,"href":"https:\/\/wsfreespirit.com\/de\/wp-json\/wp\/v2\/users\/2"}],"replies":[{"embeddable":true,"href":"https:\/\/wsfreespirit.com\/de\/wp-json\/wp\/v2\/comments?post=1309"}],"version-history":[{"count":3,"href":"https:\/\/wsfreespirit.com\/de\/wp-json\/wp\/v2\/pages\/1309\/revisions"}],"predecessor-version":[{"id":1328,"href":"https:\/\/wsfreespirit.com\/de\/wp-json\/wp\/v2\/pages\/1309\/revisions\/1328"}],"wp:attachment":[{"href":"https:\/\/wsfreespirit.com\/de\/wp-json\/wp\/v2\/media?parent=1309"}],"curies":[{"name":"wp","href":"https:\/\/api.w.org\/{rel}","templated":true}]}}